{"id":803,"date":"2022-11-11T14:34:19","date_gmt":"2022-11-11T17:34:19","guid":{"rendered":"https:\/\/accedersuplande22dias.com\/?page_id=803"},"modified":"2022-11-11T15:15:03","modified_gmt":"2022-11-11T18:15:03","slug":"atencion","status":"publish","type":"page","link":"https:\/\/accedersuplande22dias.com\/index.php\/atencion\/","title":{"rendered":"Atencion"},"content":{"rendered":"\t\t<div data-elementor-type=\"wp-page\" data-elementor-id=\"803\" class=\"elementor elementor-803\" data-elementor-post-type=\"page\">\n\t\t\t\t\t\t<section class=\"elementor-section elementor-top-section elementor-element elementor-element-71dc636e elementor-section-full_width elementor-section-height-min-height elementor-section-items-stretch elementor-section-height-default\" data-id=\"71dc636e\" data-element_type=\"section\" id=\"uppage\" data-settings=\"{&quot;background_background&quot;:&quot;classic&quot;}\">\n\t\t\t\t\t\t<div class=\"elementor-container elementor-column-gap-default\">\n\t\t\t\t\t<div class=\"elementor-column elementor-col-100 elementor-top-column elementor-element elementor-element-5fd482f\" data-id=\"5fd482f\" data-element_type=\"column\">\n\t\t\t<div class=\"elementor-widget-wrap elementor-element-populated\">\n\t\t\t\t\t\t<div class=\"elementor-element elementor-element-514831c3 elementor-widget elementor-widget-spacer\" data-id=\"514831c3\" data-element_type=\"widget\" data-widget_type=\"spacer.default\">\n\t\t\t\t<div class=\"elementor-widget-container\">\n\t\t\t\t\t<div class=\"elementor-spacer\">\n\t\t\t<div class=\"elementor-spacer-inner\"><\/div>\n\t\t<\/div>\n\t\t\t\t<\/div>\n\t\t\t\t<\/div>\n\t\t\t\t<div class=\"elementor-element elementor-element-6e5a192 elementor-widget elementor-widget-text-editor\" data-id=\"6e5a192\" data-element_type=\"widget\" data-widget_type=\"text-editor.default\">\n\t\t\t\t<div class=\"elementor-widget-container\">\n\t\t\t\t\t\t\t<h4><span style=\"color: #ffffff;\"><strong><em>Revise su correo electr\u00f3nico ahora mismo si no est\u00e1 en su bandeja de entrada, verifique si est\u00e1 en spam. en tu correo electr\u00f3nico tendr\u00e1s acceso a los libros y WhatsApp de nuestro soporte.<\/em><\/strong><\/span><\/h4>\t\t\t\t\t\t<\/div>\n\t\t\t\t<\/div>\n\t\t\t\t\t<\/div>\n\t\t<\/div>\n\t\t\t\t\t<\/div>\n\t\t<\/section>\n\t\t\t\t<section class=\"elementor-section elementor-top-section elementor-element elementor-element-396e4fe7 elementor-section-full_width elementor-section-height-default elementor-section-height-default\" data-id=\"396e4fe7\" data-element_type=\"section\">\n\t\t\t\t\t\t<div class=\"elementor-container elementor-column-gap-default\">\n\t\t\t\t\t<div class=\"elementor-column elementor-col-50 elementor-top-column elementor-element elementor-element-7e382014\" data-id=\"7e382014\" data-element_type=\"column\">\n\t\t\t<div class=\"elementor-widget-wrap elementor-element-populated\">\n\t\t\t\t\t\t<div class=\"elementor-element elementor-element-1102d120 elementor-absolute elementor-widget elementor-widget-menu-anchor\" data-id=\"1102d120\" data-element_type=\"widget\" data-settings=\"{&quot;_position&quot;:&quot;absolute&quot;}\" data-widget_type=\"menu-anchor.default\">\n\t\t\t\t<div class=\"elementor-widget-container\">\n\t\t\t\t\t<div class=\"elementor-menu-anchor\" id=\"down\"><\/div>\n\t\t\t\t<\/div>\n\t\t\t\t<\/div>\n\t\t\t\t\t<\/div>\n\t\t<\/div>\n\t\t\t\t<div class=\"elementor-column elementor-col-50 elementor-top-column elementor-element elementor-element-10f8de5\" data-id=\"10f8de5\" data-element_type=\"column\">\n\t\t\t<div class=\"elementor-widget-wrap\">\n\t\t\t\t\t\t\t<\/div>\n\t\t<\/div>\n\t\t\t\t\t<\/div>\n\t\t<\/section>\n\t\t\t\t<\/div>\n\t\t","protected":false},"excerpt":{"rendered":"<p>Revise su correo electr\u00f3nico ahora mismo si no est\u00e1 en su bandeja de entrada, verifique si est\u00e1 en spam. en tu correo electr\u00f3nico tendr\u00e1s acceso a los libros y WhatsApp de nuestro soporte.<\/p>\n","protected":false},"author":1,"featured_media":0,"parent":0,"menu_order":0,"comment_status":"closed","ping_status":"closed","template":"elementor_canvas","meta":{"_joinchat":[],"footnotes":""},"class_list":["post-803","page","type-page","status-publish","hentry"],"_links":{"self":[{"href":"https:\/\/accedersuplande22dias.com\/index.php\/wp-json\/wp\/v2\/pages\/803","targetHints":{"allow":["GET"]}}],"collection":[{"href":"https:\/\/accedersuplande22dias.com\/index.php\/wp-json\/wp\/v2\/pages"}],"about":[{"href":"https:\/\/accedersuplande22dias.com\/index.php\/wp-json\/wp\/v2\/types\/page"}],"author":[{"embeddable":true,"href":"https:\/\/accedersuplande22dias.com\/index.php\/wp-json\/wp\/v2\/users\/1"}],"replies":[{"embeddable":true,"href":"https:\/\/accedersuplande22dias.com\/index.php\/wp-json\/wp\/v2\/comments?post=803"}],"version-history":[{"count":40,"href":"https:\/\/accedersuplande22dias.com\/index.php\/wp-json\/wp\/v2\/pages\/803\/revisions"}],"predecessor-version":[{"id":866,"href":"https:\/\/accedersuplande22dias.com\/index.php\/wp-json\/wp\/v2\/pages\/803\/revisions\/866"}],"wp:attachment":[{"href":"https:\/\/accedersuplande22dias.com\/index.php\/wp-json\/wp\/v2\/media?parent=803"}],"curies":[{"name":"wp","href":"https:\/\/api.w.org\/{rel}","templated":true}]}}